{"id":30733,"date":"2023-07-16T02:27:07","date_gmt":"2023-07-15T17:27:07","guid":{"rendered":"https:\/\/italiadesign.jp\/?post_type=product&#038;p=30733"},"modified":"2023-09-10T15:54:07","modified_gmt":"2023-09-10T06:54:07","slug":"magis-deja-vu-table-rectangle","status":"publish","type":"product","link":"https:\/\/italiadesign.jp\/eng\/product\/magis-deja-vu-table-rectangle\/","title":{"rendered":"D\u00e9j\u00e0-vu Table (rectangle)"},"content":{"rendered":"<a href=\"https:\/\/www.magisdesign.com\/\" target=\"_blank\" rel=\"noopener\">Magis<\/a> has been a pioneer in <span style=\"font-weight: 400;\">Italian furniture design.<\/span>  \tFounded in 1976 by Eugenio Perazza, the company combines original concepts and high-quality materials to create beauty and functionality. We have provided the products we have pursued.  \t<span style=\"font-weight: 400;\">Currently, we are taking on the challenge of creating products that keep up with the changing times, such as using plant-based designs and designs that use completely recyclable materials. <\/span>  \tThis &#8220;D\u00e9j\u00e0-vu Table Rectangular&#8221; was designed by Naoto Fukasawa, a product designer from Yamanashi Prefecture. This is a work by Mr.<\/a>.  \tHe values \u200b\u200bcreating things that naturally exist in the environment in which people live, and has been working on products in a wide range of fields, including furniture and electronic precision equipment, not only in Japan but all over the world.  \t<a href=\"https:\/\/italiadesign.jp\/eng\/product_brand\/magis\/\"><span style=\"font-weight: 400;\">Magis collection<\/span><span style=\"font-weight: 400;\">Click here<\/span><\/a>  \t\u00a0","protected":false},"excerpt":{"rendered":"Italian furniture manufacturer <a href=\"https:\/\/www.magisdesign.com\/\" target=\"_blank\" rel=\"noopener\">Magis<\/a> Since its inception, the company has been proactive in using innovative materials and processes, setting new standards in modern furniture manufacturing.  \tThis &#8220;D\u00e9j\u00e0-vu Table Rectangular&#8221; is one of the D\u00e9j\u00e0-vu series and features a stylish and minimal design.  \tThe polished aluminum legs and rounded top give it an urban and sophisticated appeal.  \tA collaborative work with Japan&apos;s proud designer <a href=\"https:\/\/naotofukasawa.com\/ja\/about\/\" target=\"_blank\" rel=\"noopener\">Naoto Fukasawa<\/a>, released in 2007. it was done. \t<a href=\"https:\/\/italiadesign.jp\/eng\/product_brand\/magis\/\"><span style=\"font-weight: 400;\">Magis collection<\/span><span style=\"font-weight: 400;\">here<\/span><\/a>","protected":false},"featured_media":30739,"comment_status":"open","ping_status":"closed","template":"","meta":{"ngg_post_thumbnail":0},"product_cat":[384,1634],"product_tag":[],"product_brand":[1636],"yoast_head":"<!-- This site is optimized with the Yoast SEO plugin v19.7.1 - https:\/\/yoast.com\/wordpress\/plugins\/seo\/ -->\n<title>D\u00e9j\u00e0-vu Table (rectangle) - ItaliaDesign Eng<\/title>\n<meta name=\"robots\" content=\"index, follow, max-snippet:-1, max-image-preview:large, max-video-preview:-1\" \/>\n<link rel=\"canonical\" href=\"https:\/\/italiadesign.jp\/eng\/product\/magis-deja-vu-table-rectangle\/\" \/>\n<meta property=\"og:locale\" content=\"en_US\" \/>\n<meta property=\"og:type\" content=\"article\" \/>\n<meta property=\"og:title\" content=\"D\u00e9j\u00e0-vu Table (rectangle) - ItaliaDesign Eng\" \/>\n<meta property=\"og:description\" content=\"Italian furniture manufacturer Magis Since its inception, the company has been proactive in using innovative materials and processes, setting new standards in modern furniture manufacturing.  This &quot;D\u00e9j\u00e0-vu Table Rectangular&quot; is one of the D\u00e9j\u00e0-vu series and features a stylish and minimal design.  The polished aluminum legs and rounded top give it an urban and sophisticated appeal.  A collaborative work with Japan&amp;apos;s proud designer Naoto Fukasawa, released in 2007. it was done. Magis collectionhere\" \/>\n<meta property=\"og:url\" content=\"https:\/\/italiadesign.jp\/eng\/product\/magis-deja-vu-table-rectangle\/\" \/>\n<meta property=\"og:site_name\" content=\"ItaliaDesign Eng\" \/>\n<meta property=\"article:modified_time\" content=\"2023-09-10T06:54:07+00:00\" \/>\n<meta property=\"og:image\" content=\"https:\/\/italiadesign.jp\/eng\/wp-content\/uploads\/2023\/07\/Magis_deja-vu_table_product_front_TV842_polished_whiteMDF_01_lr.jpg\" \/>\n\t<meta property=\"og:image:width\" content=\"695\" \/>\n\t<meta property=\"og:image:height\" content=\"695\" \/>\n\t<meta property=\"og:image:type\" content=\"image\/jpeg\" \/>\n<meta name=\"twitter:card\" content=\"summary_large_image\" \/>\n<meta name=\"twitter:label1\" content=\"Est. reading time\" \/>\n\t<meta name=\"twitter:data1\" content=\"1 minute\" \/>\n<script type=\"application\/ld+json\" class=\"yoast-schema-graph\">{\"@context\":\"https:\/\/schema.org\",\"@graph\":[{\"@type\":\"WebPage\",\"@id\":\"https:\/\/italiadesign.jp\/eng\/product\/magis-deja-vu-table-rectangle\/\",\"url\":\"https:\/\/italiadesign.jp\/eng\/product\/magis-deja-vu-table-rectangle\/\",\"name\":\"D\u00e9j\u00e0-vu Table (rectangle) - ItaliaDesign Eng\",\"isPartOf\":{\"@id\":\"http:\/\/italiadesign.jp\/eng\/#website\"},\"datePublished\":\"2023-07-15T17:27:07+00:00\",\"dateModified\":\"2023-09-10T06:54:07+00:00\",\"breadcrumb\":{\"@id\":\"https:\/\/italiadesign.jp\/eng\/product\/magis-deja-vu-table-rectangle\/#breadcrumb\"},\"inLanguage\":\"en-US\",\"potentialAction\":[{\"@type\":\"ReadAction\",\"target\":[\"https:\/\/italiadesign.jp\/eng\/product\/magis-deja-vu-table-rectangle\/\"]}]},{\"@type\":\"BreadcrumbList\",\"@id\":\"https:\/\/italiadesign.jp\/eng\/product\/magis-deja-vu-table-rectangle\/#breadcrumb\",\"itemListElement\":[{\"@type\":\"ListItem\",\"position\":1,\"name\":\"\u30db\u30fc\u30e0\",\"item\":\"http:\/\/italiadesign.jp\/eng\/\"},{\"@type\":\"ListItem\",\"position\":2,\"name\":\"Shop\",\"item\":\"http:\/\/italiadesign.jp\/eng\/shop\/\"},{\"@type\":\"ListItem\",\"position\":3,\"name\":\"D\u00e9j\u00e0-vu Table (rectangle)\"}]},{\"@type\":\"WebSite\",\"@id\":\"http:\/\/italiadesign.jp\/eng\/#website\",\"url\":\"http:\/\/italiadesign.jp\/eng\/\",\"name\":\"ItaliaDesign Eng\",\"description\":\"Italian furniture\",\"publisher\":{\"@id\":\"http:\/\/italiadesign.jp\/eng\/#organization\"},\"potentialAction\":[{\"@type\":\"SearchAction\",\"target\":{\"@type\":\"EntryPoint\",\"urlTemplate\":\"http:\/\/italiadesign.jp\/eng\/?s={search_term_string}\"},\"query-input\":\"required name=search_term_string\"}],\"inLanguage\":\"en-US\"},{\"@type\":\"Organization\",\"@id\":\"http:\/\/italiadesign.jp\/eng\/#organization\",\"name\":\"\u30a4\u30bf\u30ea\u30a2\u30c7\u30b6\u30a4\u30f3 ItaliaDesign\",\"url\":\"http:\/\/italiadesign.jp\/eng\/\",\"sameAs\":[],\"logo\":{\"@type\":\"ImageObject\",\"inLanguage\":\"en-US\",\"@id\":\"http:\/\/italiadesign.jp\/eng\/#\/schema\/logo\/image\/\",\"url\":\"https:\/\/italiadesign.jp\/wp-content\/uploads\/2022\/09\/\u7121\u984c2.png\",\"contentUrl\":\"https:\/\/italiadesign.jp\/wp-content\/uploads\/2022\/09\/\u7121\u984c2.png\",\"width\":2000,\"height\":2000,\"caption\":\"\u30a4\u30bf\u30ea\u30a2\u30c7\u30b6\u30a4\u30f3 ItaliaDesign\"},\"image\":{\"@id\":\"http:\/\/italiadesign.jp\/eng\/#\/schema\/logo\/image\/\"}}]}<\/script>\n<!-- \/ Yoast SEO plugin. -->","yoast_head_json":{"title":"D\u00e9j\u00e0-vu Table (rectangle) - ItaliaDesign Eng","robots":{"index":"index","follow":"follow","max-snippet":"max-snippet:-1","max-image-preview":"max-image-preview:large","max-video-preview":"max-video-preview:-1"},"canonical":"https:\/\/italiadesign.jp\/eng\/product\/magis-deja-vu-table-rectangle\/","og_locale":"en_US","og_type":"article","og_title":"D\u00e9j\u00e0-vu Table (rectangle) - ItaliaDesign Eng","og_description":"Italian furniture manufacturer Magis Since its inception, the company has been proactive in using innovative materials and processes, setting new standards in modern furniture manufacturing.  This \"D\u00e9j\u00e0-vu Table Rectangular\" is one of the D\u00e9j\u00e0-vu series and features a stylish and minimal design.  The polished aluminum legs and rounded top give it an urban and sophisticated appeal.  A collaborative work with Japan&apos;s proud designer Naoto Fukasawa, released in 2007. it was done. Magis collectionhere","og_url":"https:\/\/italiadesign.jp\/eng\/product\/magis-deja-vu-table-rectangle\/","og_site_name":"ItaliaDesign Eng","article_modified_time":"2023-09-10T06:54:07+00:00","og_image":[{"width":695,"height":695,"url":"https:\/\/italiadesign.jp\/eng\/wp-content\/uploads\/2023\/07\/Magis_deja-vu_table_product_front_TV842_polished_whiteMDF_01_lr.jpg","type":"image\/jpeg"}],"twitter_card":"summary_large_image","twitter_misc":{"Est. reading time":"1 minute"},"schema":{"@context":"https:\/\/schema.org","@graph":[{"@type":"WebPage","@id":"https:\/\/italiadesign.jp\/eng\/product\/magis-deja-vu-table-rectangle\/","url":"https:\/\/italiadesign.jp\/eng\/product\/magis-deja-vu-table-rectangle\/","name":"D\u00e9j\u00e0-vu Table (rectangle) - ItaliaDesign Eng","isPartOf":{"@id":"http:\/\/italiadesign.jp\/eng\/#website"},"datePublished":"2023-07-15T17:27:07+00:00","dateModified":"2023-09-10T06:54:07+00:00","breadcrumb":{"@id":"https:\/\/italiadesign.jp\/eng\/product\/magis-deja-vu-table-rectangle\/#breadcrumb"},"inLanguage":"en-US","potentialAction":[{"@type":"ReadAction","target":["https:\/\/italiadesign.jp\/eng\/product\/magis-deja-vu-table-rectangle\/"]}]},{"@type":"BreadcrumbList","@id":"https:\/\/italiadesign.jp\/eng\/product\/magis-deja-vu-table-rectangle\/#breadcrumb","itemListElement":[{"@type":"ListItem","position":1,"name":"\u30db\u30fc\u30e0","item":"http:\/\/italiadesign.jp\/eng\/"},{"@type":"ListItem","position":2,"name":"Shop","item":"http:\/\/italiadesign.jp\/eng\/shop\/"},{"@type":"ListItem","position":3,"name":"D\u00e9j\u00e0-vu Table (rectangle)"}]},{"@type":"WebSite","@id":"http:\/\/italiadesign.jp\/eng\/#website","url":"http:\/\/italiadesign.jp\/eng\/","name":"ItaliaDesign Eng","description":"Italian furniture","publisher":{"@id":"http:\/\/italiadesign.jp\/eng\/#organization"},"potentialAction":[{"@type":"SearchAction","target":{"@type":"EntryPoint","urlTemplate":"http:\/\/italiadesign.jp\/eng\/?s={search_term_string}"},"query-input":"required name=search_term_string"}],"inLanguage":"en-US"},{"@type":"Organization","@id":"http:\/\/italiadesign.jp\/eng\/#organization","name":"\u30a4\u30bf\u30ea\u30a2\u30c7\u30b6\u30a4\u30f3 ItaliaDesign","url":"http:\/\/italiadesign.jp\/eng\/","sameAs":[],"logo":{"@type":"ImageObject","inLanguage":"en-US","@id":"http:\/\/italiadesign.jp\/eng\/#\/schema\/logo\/image\/","url":"https:\/\/italiadesign.jp\/wp-content\/uploads\/2022\/09\/\u7121\u984c2.png","contentUrl":"https:\/\/italiadesign.jp\/wp-content\/uploads\/2022\/09\/\u7121\u984c2.png","width":2000,"height":2000,"caption":"\u30a4\u30bf\u30ea\u30a2\u30c7\u30b6\u30a4\u30f3 ItaliaDesign"},"image":{"@id":"http:\/\/italiadesign.jp\/eng\/#\/schema\/logo\/image\/"}}]}},"_links":{"self":[{"href":"https:\/\/italiadesign.jp\/eng\/wp-json\/wp\/v2\/product\/30733"}],"collection":[{"href":"https:\/\/italiadesign.jp\/eng\/wp-json\/wp\/v2\/product"}],"about":[{"href":"https:\/\/italiadesign.jp\/eng\/wp-json\/wp\/v2\/types\/product"}],"replies":[{"embeddable":true,"href":"https:\/\/italiadesign.jp\/eng\/wp-json\/wp\/v2\/comments?post=30733"}],"wp:featuredmedia":[{"embeddable":true,"href":"https:\/\/italiadesign.jp\/eng\/wp-json\/wp\/v2\/media\/30739"}],"wp:attachment":[{"href":"https:\/\/italiadesign.jp\/eng\/wp-json\/wp\/v2\/media?parent=30733"}],"wp:term":[{"taxonomy":"product_cat","embeddable":true,"href":"https:\/\/italiadesign.jp\/eng\/wp-json\/wp\/v2\/product_cat?post=30733"},{"taxonomy":"product_tag","embeddable":true,"href":"https:\/\/italiadesign.jp\/eng\/wp-json\/wp\/v2\/product_tag?post=30733"},{"taxonomy":"product_brand","embeddable":true,"href":"https:\/\/italiadesign.jp\/eng\/wp-json\/wp\/v2\/product_brand?post=30733"}],"curies":[{"name":"wp","href":"https:\/\/api.w.org\/{rel}","templated":true}]}}